{"id":11311,"date":"2025-09-12T16:51:13","date_gmt":"2025-09-12T19:51:13","guid":{"rendered":"https:\/\/panelmodular.cl\/w\/finalizar-compra-2\/la-transaccion-ha-fallado\/"},"modified":"2025-09-12T16:51:13","modified_gmt":"2025-09-12T19:51:13","slug":"la-transaccion-ha-fallado","status":"publish","type":"page","link":"https:\/\/panelmodular.cl\/w\/finalizar-compra-2\/la-transaccion-ha-fallado\/","title":{"rendered":"La transacci\u00f3n ha fallado"},"content":{"rendered":"<p>Tu transacci\u00f3n ha fallado; int\u00e9ntalo de nuevo o ponte en contacto con el servicio de asistencia del sitio.<\/p>","protected":false},"excerpt":{"rendered":"<p>Tu transacci\u00f3n ha fallado; int\u00e9ntalo de nuevo o ponte en contacto con el servicio de asistencia del sitio.<\/p>\n","protected":false},"author":1,"featured_media":0,"parent":11309,"menu_order":0,"comment_status":"closed","ping_status":"closed","template":"","meta":{"inline_featured_image":false,"footnotes":""},"class_list":["post-11311","page","type-page","status-publish","hentry"],"_links":{"self":[{"href":"https:\/\/panelmodular.cl\/w\/wp-json\/wp\/v2\/pages\/11311","targetHints":{"allow":["GET"]}}],"collection":[{"href":"https:\/\/panelmodular.cl\/w\/wp-json\/wp\/v2\/pages"}],"about":[{"href":"https:\/\/panelmodular.cl\/w\/wp-json\/wp\/v2\/types\/page"}],"author":[{"embeddable":true,"href":"https:\/\/panelmodular.cl\/w\/wp-json\/wp\/v2\/users\/1"}],"replies":[{"embeddable":true,"href":"https:\/\/panelmodular.cl\/w\/wp-json\/wp\/v2\/comments?post=11311"}],"version-history":[{"count":0,"href":"https:\/\/panelmodular.cl\/w\/wp-json\/wp\/v2\/pages\/11311\/revisions"}],"up":[{"embeddable":true,"href":"https:\/\/panelmodular.cl\/w\/wp-json\/wp\/v2\/pages\/11309"}],"wp:attachment":[{"href":"https:\/\/panelmodular.cl\/w\/wp-json\/wp\/v2\/media?parent=11311"}],"curies":[{"name":"wp","href":"https:\/\/api.w.org\/{rel}","templated":true}]}}