{"id":745,"date":"2016-03-10T18:51:46","date_gmt":"2016-03-10T18:51:46","guid":{"rendered":"https:\/\/default.houzez.co\/?page_id=745"},"modified":"2026-01-08T16:09:50","modified_gmt":"2026-01-08T16:09:50","slug":"terms-and-conditions","status":"publish","type":"page","link":"https:\/\/panelmodular.cl\/www\/terms-and-conditions\/","title":{"rendered":"T\u00e9rminos y condiciones"},"content":{"rendered":"<p>Panel Modular es parte de la empresa de Geosur Servicios SpA.<\/p>\n<p>Nuestros productos como Paneles Sip, Kit Auto construcci\u00f3n, Art\u00edculos de Ferreter\u00eda (Placas de OSB, Fijaciones, etc.) Son entregados en nuestras bodegas.<\/p>\n<p>Los despachos y\/o retiros son de cargo exclusivo de los clientes.<\/p>\n<p>En los despachos de nuestros productos se entregar\u00e1 una Boleta, Gu\u00eda de despacho, Factura seg\u00fan corresponda.<\/p>\n<p>En los despachos de Kit se entrega una Ficha de entrega, con el detalle de todos los paneles marcados por ejes. El cual deber\u00e1 contrastar el cliente.<\/p>\n<p>Si existiere alguna diferencia o faltase alguno se comprobar\u00e1 de acuerdo a esta Ficha de entrega y si existiere el error se repondr\u00e1 el panel faltante.<\/p>\n<p>Si en terreno existiere un panel con problema de medidas se deber\u00e1 contactar a nuestras oficinas o tel\u00e9fono 938623715 donde se indicar\u00e1 el problema el cual ser\u00e1 solucionado dentro de las 96Horas.<\/p>\n<p>Si un panel tuviese problemas por descuadre o alg\u00fan otro problema se deber\u00e1 contactar a nuestras oficinas o tel\u00e9fono 938623715. Para ver el cambio.<\/p>\n<p>Para realizar el cambio el cliente deber\u00e1 realizarlo en nuestras bodegas donde lo adquiri\u00f3 presentando documento entregado.<\/p>\n<p>Solo se podr\u00e1 cambiar los productos por fallas no incluye maltrato o mal manejo en terreno de estos.<\/p>\n<p>Si tiene dudas favor contactar a contacto@geosurservicios.cl<\/p>\n","protected":false},"excerpt":{"rendered":"<p>Panel Modular es parte de la empresa de Geosur Servicios SpA. Nuestros productos como Paneles Sip, Kit Auto construcci\u00f3n, Art\u00edculos de Ferreter\u00eda (Placas de OSB, Fijaciones, etc.) Son entregados en nuestras bodegas. Los despachos y\/o retiros son de cargo exclusivo de los clientes. En los despachos de nuestros productos se entregar\u00e1 una Boleta, Gu\u00eda de [&hellip;]<\/p>\n","protected":false},"author":1,"featured_media":0,"parent":0,"menu_order":0,"comment_status":"closed","ping_status":"closed","template":"","meta":{"footnotes":""},"class_list":["post-745","page","type-page","status-publish","hentry"],"_links":{"self":[{"href":"https:\/\/panelmodular.cl\/www\/wp-json\/wp\/v2\/pages\/745","targetHints":{"allow":["GET"]}}],"collection":[{"href":"https:\/\/panelmodular.cl\/www\/wp-json\/wp\/v2\/pages"}],"about":[{"href":"https:\/\/panelmodular.cl\/www\/wp-json\/wp\/v2\/types\/page"}],"author":[{"embeddable":true,"href":"https:\/\/panelmodular.cl\/www\/wp-json\/wp\/v2\/users\/1"}],"replies":[{"embeddable":true,"href":"https:\/\/panelmodular.cl\/www\/wp-json\/wp\/v2\/comments?post=745"}],"version-history":[{"count":2,"href":"https:\/\/panelmodular.cl\/www\/wp-json\/wp\/v2\/pages\/745\/revisions"}],"predecessor-version":[{"id":19959,"href":"https:\/\/panelmodular.cl\/www\/wp-json\/wp\/v2\/pages\/745\/revisions\/19959"}],"wp:attachment":[{"href":"https:\/\/panelmodular.cl\/www\/wp-json\/wp\/v2\/media?parent=745"}],"curies":[{"name":"wp","href":"https:\/\/api.w.org\/{rel}","templated":true}]}}