{"id":748,"date":"2016-03-10T18:52:12","date_gmt":"2016-03-10T18:52:12","guid":{"rendered":"https:\/\/default.houzez.co\/?page_id=748"},"modified":"2026-01-09T13:47:06","modified_gmt":"2026-01-09T13:47:06","slug":"privacy","status":"publish","type":"page","link":"https:\/\/panelmodular.cl\/www\/privacy\/","title":{"rendered":"Pol\u00edtica de Privacidad"},"content":{"rendered":"<div class=\"otQkpb\" role=\"heading\" aria-level=\"3\" data-sfc-cp=\"\" data-complete=\"true\" data-processed=\"true\"><strong class=\"Yjhzub\" data-complete=\"true\" data-processed=\"true\">Pol\u00edtica de Privacidad de Gesosur Servicios SpA ( www.panelmodular.cl )<\/strong><\/div>\n<div role=\"heading\" aria-level=\"3\" data-sfc-cp=\"\" data-complete=\"true\" data-processed=\"true\"><\/div>\n<div class=\"Y3BBE\" data-sfc-cp=\"\" data-hveid=\"CAcQAA\" data-processed=\"true\" data-complete=\"true\"><strong class=\"Yjhzub\" data-complete=\"true\" data-processed=\"true\">Fecha de entrada en vigor:<\/strong> Octubre 2025<\/div>\n<div data-sfc-cp=\"\" data-hveid=\"CAcQAA\" data-processed=\"true\" data-complete=\"true\"><\/div>\n<div class=\"Y3BBE\" data-sfc-cp=\"\" data-hveid=\"CAgQAA\" data-processed=\"true\" data-complete=\"true\">En Geosur Servicios SpA valoramos tu privacidad y nos comprometemos a proteger tus datos personales. Esta pol\u00edtica de privacidad describe c\u00f3mo recopilamos, utilizamos y protegemos la informaci\u00f3n que nos proporcionas al utilizar nuestro sitio web wwww.panelmodular.cl.<span class=\"uJ19be notranslate\" data-wiz-uids=\"Z6dCSe_12,Z6dCSe_13\" data-complete=\"true\" data-processed=\"true\"><span class=\"vKEkVd\" data-animation-atomic=\"\" data-sae=\"\">\u00a0<button class=\"rBl3me\" tabindex=\"0\" data-amic=\"true\" data-icl-uuid=\"d6e09772-b85d-4721-8a15-b2e4308b3427\" aria-label=\"Ver v\u00ednculos relacionados\" data-ved=\"2ahUKEwicq8TrsoaQAxVoJrkGHd7BBmcQye0OegQICBAB\"><\/button><\/span><\/span><\/div>\n<div data-sfc-cp=\"\" data-hveid=\"CAgQAA\" data-processed=\"true\" data-complete=\"true\"><\/div>\n<div class=\"Y3BBE\" data-sfc-cp=\"\" data-hveid=\"CAkQAA\" data-complete=\"true\" data-processed=\"true\"><strong class=\"Yjhzub\" data-complete=\"true\" data-processed=\"true\">1. Responsable del tratamiento de tus datos<\/strong><br data-serialized-params=\"[]\" data-complete=\"true\" data-processed=\"true\" \/>El responsable del tratamiento de los datos personales recopilados a trav\u00e9s de este sitio web es:<button class=\"rBl3me\" tabindex=\"0\" data-amic=\"true\" data-icl-uuid=\"282a69f1-0146-4bc1-88c4-2ab2e278425b\" aria-label=\"Ver v\u00ednculos relacionados\" data-ved=\"2ahUKEwicq8TrsoaQAxVoJrkGHd7BBmcQye0OegQICRAB\"><\/button><\/div>\n<ul class=\"U6u95\" data-processed=\"true\" data-complete=\"true\">\n<li data-hveid=\"CAoQAA\" data-complete=\"true\" data-sae=\"\"><span class=\"T286Pc\" data-sfc-cp=\"\" data-complete=\"true\"><strong class=\"Yjhzub\" data-complete=\"true\">Nombre o raz\u00f3n social:<\/strong> Geosur Servicios SpA<\/span><\/li>\n<li data-hveid=\"CAoQAQ\" data-complete=\"true\" data-sae=\"\"><span class=\"T286Pc\" data-sfc-cp=\"\" data-complete=\"true\"><strong class=\"Yjhzub\" data-complete=\"true\">RUT:<\/strong> 77.034.278-3<\/span><\/li>\n<li data-hveid=\"CAoQAg\" data-complete=\"true\" data-sae=\"\"><span class=\"T286Pc\" data-sfc-cp=\"\" data-complete=\"true\"><strong class=\"Yjhzub\" data-complete=\"true\">Domicilio:<\/strong> Calle 4 N\u00b020, Concepci\u00f3n<\/span><\/li>\n<li data-hveid=\"CAoQAw\" data-complete=\"true\" data-sae=\"\"><span class=\"T286Pc\" data-sfc-cp=\"\" data-complete=\"true\"><strong class=\"Yjhzub\" data-complete=\"true\">Correo electr\u00f3nico de contacto:<\/strong> contacto@geosurservicios.cl\u00a0<\/span><\/li>\n<\/ul>\n<div class=\"Y3BBE\" data-sfc-cp=\"\" data-hveid=\"CAwQAA\" data-complete=\"true\" data-processed=\"true\"><strong class=\"Yjhzub\" data-complete=\"true\" data-processed=\"true\">2. Datos que recopilamos<\/strong><br data-serialized-params=\"[]\" data-complete=\"true\" data-processed=\"true\" \/>Podemos recopilar los siguientes tipos de datos personales cuando interact\u00faas con nuestro sitio web:<button class=\"rBl3me\" tabindex=\"0\" data-amic=\"true\" data-icl-uuid=\"345d0e68-8eb2-4570-87e6-fb4124385f64\" aria-label=\"Ver v\u00ednculos relacionados\" data-ved=\"2ahUKEwicq8TrsoaQAxVoJrkGHd7BBmcQye0OegQIDBAB\"><\/button><\/div>\n<ul class=\"U6u95\" data-processed=\"true\" data-complete=\"true\">\n<li data-hveid=\"CA0QAA\" data-complete=\"true\" data-sae=\"\"><span class=\"T286Pc\" data-sfc-cp=\"\" data-complete=\"true\"><strong class=\"Yjhzub\" data-complete=\"true\">Informaci\u00f3n de contacto:<\/strong>\u00a0Nombre, direcci\u00f3n de correo electr\u00f3nico, n\u00famero de tel\u00e9fono y direcci\u00f3n postal.<\/span><\/li>\n<li data-hveid=\"CA0QAQ\" data-complete=\"true\" data-sae=\"\"><span class=\"T286Pc\" data-sfc-cp=\"\" data-complete=\"true\"><strong class=\"Yjhzub\" data-complete=\"true\">Informaci\u00f3n de navegaci\u00f3n:<\/strong>\u00a0Direcci\u00f3n IP, tipo de navegador, sistema operativo, p\u00e1ginas visitadas, tiempo de permanencia en el sitio y comportamiento del usuario. Esta informaci\u00f3n puede ser recopilada a trav\u00e9s de cookies y otras tecnolog\u00edas de seguimiento.<\/span><\/li>\n<li data-hveid=\"CA0QAg\" data-sae=\"\" data-complete=\"true\"><span class=\"T286Pc\" data-sfc-cp=\"\" data-complete=\"true\"><strong class=\"Yjhzub\" data-complete=\"true\">Datos de la cuenta:<\/strong>\u00a0Si creas una cuenta con nosotros, almacenaremos tu nombre de usuario y contrase\u00f1a.<\/span><\/li>\n<li data-hveid=\"CA0QAw\" data-complete=\"true\" data-processed=\"true\" data-sae=\"\"><span class=\"T286Pc\" data-sfc-cp=\"\" data-complete=\"true\"><strong class=\"Yjhzub\" data-complete=\"true\">Informaci\u00f3n de transacciones:<\/strong>\u00a0En caso de compras, recopilaremos datos relacionados con el pago, aunque los datos bancarios ser\u00e1n procesados directamente por la pasarela de pago y no ser\u00e1n almacenados por nosotros.<\/span><\/li>\n<li data-hveid=\"CA0QBA\" data-complete=\"true\" data-processed=\"true\" data-sae=\"\"><span class=\"T286Pc\" data-sfc-cp=\"\" data-complete=\"true\"><strong class=\"Yjhzub\" data-complete=\"true\">Contenido generado por el usuario:<\/strong>\u00a0Comentarios, opiniones y otra informaci\u00f3n que publiques en nuestro sitio.<\/span><span class=\"uJ19be notranslate\" data-wiz-uids=\"Z6dCSe_2a,Z6dCSe_2b\" data-complete=\"true\"><span class=\"vKEkVd\" data-animation-atomic=\"\" data-sae=\"\">\u00a0<button class=\"rBl3me\" tabindex=\"0\" data-amic=\"true\" data-icl-uuid=\"b8da4f77-a3b2-4a68-a8a5-74047f943078\" aria-label=\"Ver v\u00ednculos relacionados\" data-ved=\"2ahUKEwicq8TrsoaQAxVoJrkGHd7BBmcQye0OegQIDRAF\"><\/button><\/span><\/span><\/li>\n<\/ul>\n<div data-sfc-cp=\"\" data-hveid=\"CA4QAA\" data-processed=\"true\" data-complete=\"true\"><\/div>\n<div class=\"Y3BBE\" data-sfc-cp=\"\" data-hveid=\"CA4QAA\" data-processed=\"true\" data-complete=\"true\"><strong class=\"Yjhzub\" data-complete=\"true\" data-processed=\"true\">3. Finalidad del tratamiento de tus datos<\/strong><br data-serialized-params=\"[]\" data-complete=\"true\" data-processed=\"true\" \/>Utilizamos tus datos personales para los siguientes fines:<button class=\"rBl3me\" tabindex=\"0\" data-amic=\"true\" data-icl-uuid=\"219c1fd1-3b09-4aa8-a9fa-c3f1840e22dc\" aria-label=\"Ver v\u00ednculos relacionados\" data-ved=\"2ahUKEwicq8TrsoaQAxVoJrkGHd7BBmcQye0OegQIDhAB\"><\/button><\/div>\n<ul class=\"U6u95\" data-processed=\"true\" data-complete=\"true\">\n<li data-hveid=\"CA8QAA\" data-complete=\"true\" data-sae=\"\"><span class=\"T286Pc\" data-sfc-cp=\"\" data-complete=\"true\"><strong class=\"Yjhzub\" data-complete=\"true\">Mejorar nuestros servicios:<\/strong>\u00a0Analizar tu comportamiento de navegaci\u00f3n para optimizar el sitio web y ofrecerte una mejor experiencia.<\/span><\/li>\n<li data-hveid=\"CA8QAQ\" data-complete=\"true\" data-sae=\"\"><span class=\"T286Pc\" data-sfc-cp=\"\" data-complete=\"true\"><strong class=\"Yjhzub\" data-complete=\"true\">Gestionar tu cuenta:<\/strong>\u00a0Administrar tu registro de usuario y el acceso a las funciones exclusivas de la cuenta.<\/span><\/li>\n<li data-hveid=\"CA8QAg\" data-complete=\"true\" data-sae=\"\"><span class=\"T286Pc\" data-sfc-cp=\"\" data-complete=\"true\"><strong class=\"Yjhzub\" data-complete=\"true\">Procesar transacciones:<\/strong>\u00a0Gestionar tus pedidos y pagos en caso de que vendas productos o servicios.<\/span><\/li>\n<li data-hveid=\"CA8QAw\" data-complete=\"true\" data-sae=\"\"><span class=\"T286Pc\" data-sfc-cp=\"\" data-complete=\"true\"><strong class=\"Yjhzub\" data-complete=\"true\">Comunicaci\u00f3n:<\/strong>\u00a0Enviarte informaci\u00f3n sobre nuestros servicios, promociones y noticias, siempre que nos hayas dado tu consentimiento expl\u00edcito.<\/span><\/li>\n<li data-hveid=\"CA8QBA\" data-complete=\"true\" data-sae=\"\"><span class=\"T286Pc\" data-sfc-cp=\"\" data-complete=\"true\"><strong class=\"Yjhzub\" data-complete=\"true\">Publicidad:<\/strong>\u00a0Mostrarte anuncios personalizados de nuestros productos o servicios.<\/span><\/li>\n<li data-hveid=\"CA8QBQ\" data-complete=\"true\" data-sae=\"\"><span class=\"T286Pc\" data-sfc-cp=\"\" data-complete=\"true\"><strong class=\"Yjhzub\" data-complete=\"true\">Cumplimiento legal:<\/strong>\u00a0Cumplir con la legislaci\u00f3n chilena aplicable, como la Ley N.\u00ba 21.719.<\/span><span class=\"uJ19be notranslate\" data-wiz-uids=\"Z6dCSe_31,Z6dCSe_32\" data-complete=\"true\"><span class=\"vKEkVd\" data-animation-atomic=\"\" data-sae=\"\">\u00a0<button class=\"rBl3me\" tabindex=\"0\" data-amic=\"true\" data-icl-uuid=\"40150043-a615-4548-92e2-d344b3220f99\" aria-label=\"Ver v\u00ednculos relacionados\" data-ved=\"2ahUKEwicq8TrsoaQAxVoJrkGHd7BBmcQye0OegQIDxAG\"><\/button><\/span><\/span><\/li>\n<\/ul>\n<div class=\"Y3BBE\" data-sfc-cp=\"\" data-hveid=\"CBAQAA\" data-complete=\"true\" data-processed=\"true\"><strong class=\"Yjhzub\" data-complete=\"true\" data-processed=\"true\">4. Base jur\u00eddica para el tratamiento<\/strong><br data-serialized-params=\"[]\" data-complete=\"true\" data-processed=\"true\" \/>El tratamiento de tus datos se fundamenta en las siguientes bases legales:<button class=\"rBl3me\" tabindex=\"0\" data-amic=\"true\" data-icl-uuid=\"64d06556-3a13-44ff-9966-ce3dba72d4cc\" aria-label=\"Ver v\u00ednculos relacionados\" data-ved=\"2ahUKEwicq8TrsoaQAxVoJrkGHd7BBmcQye0OegQIEBAB\"><\/button><\/div>\n<ul class=\"U6u95\" data-complete=\"true\" data-processed=\"true\">\n<li data-hveid=\"CBEQAA\" data-complete=\"true\" data-sae=\"\"><span class=\"T286Pc\" data-sfc-cp=\"\" data-complete=\"true\"><strong class=\"Yjhzub\" data-complete=\"true\">Consentimiento:<\/strong>\u00a0Cuando nos das tu autorizaci\u00f3n expresa para un fin espec\u00edfico, como el env\u00edo de correos publicitarios.<\/span><\/li>\n<li data-hveid=\"CBEQAQ\" data-complete=\"true\" data-sae=\"\"><span class=\"T286Pc\" data-sfc-cp=\"\" data-complete=\"true\"><strong class=\"Yjhzub\" data-complete=\"true\">Inter\u00e9s leg\u00edtimo:<\/strong>\u00a0Para mejorar nuestros servicios, siempre que no afecte tus derechos fundamentales.<\/span><\/li>\n<li data-hveid=\"CBEQAg\" data-complete=\"true\" data-sae=\"\"><span class=\"T286Pc\" data-sfc-cp=\"\" data-complete=\"true\"><strong class=\"Yjhzub\" data-complete=\"true\">Obligaci\u00f3n legal:<\/strong>\u00a0Para cumplir con la ley, como por ejemplo, la conservaci\u00f3n de registros contables.<\/span><\/li>\n<li data-hveid=\"CBEQAw\" data-complete=\"true\" data-sae=\"\"><span class=\"T286Pc\" data-sfc-cp=\"\" data-complete=\"true\"><strong class=\"Yjhzub\" data-complete=\"true\">Ejecuci\u00f3n de un contrato:<\/strong>\u00a0Cuando el tratamiento es necesario para cumplir con un contrato que tienes con nosotros.<\/span><span class=\"uJ19be notranslate\" data-wiz-uids=\"Z6dCSe_3p,Z6dCSe_3q\" data-complete=\"true\"><span class=\"vKEkVd\" data-animation-atomic=\"\" data-sae=\"\">\u00a0<button class=\"rBl3me\" tabindex=\"0\" data-amic=\"true\" data-icl-uuid=\"591319b7-12a8-48a2-af1c-1f3181046277\" aria-label=\"Ver v\u00ednculos relacionados\" data-ved=\"2ahUKEwicq8TrsoaQAxVoJrkGHd7BBmcQye0OegQIERAE\"><\/button><\/span><\/span><\/li>\n<\/ul>\n<div class=\"Y3BBE\" data-sfc-cp=\"\" data-hveid=\"CBIQAA\" data-complete=\"true\" data-processed=\"true\"><strong class=\"Yjhzub\" data-complete=\"true\" data-processed=\"true\">5. Uso de cookies<\/strong><br data-serialized-params=\"[]\" data-complete=\"true\" data-processed=\"true\" \/>Utilizamos cookies para mejorar la funcionalidad del sitio, analizar el tr\u00e1fico y personalizar el contenido. Al visitar nuestro sitio, se te informar\u00e1 sobre el uso de cookies y se te pedir\u00e1 tu consentimiento expl\u00edcito para las cookies no esenciales. Para m\u00e1s detalles, puedes consultar nuestra Pol\u00edtica de Cookies.<span class=\"uJ19be notranslate\" data-wiz-uids=\"Z6dCSe_3v,Z6dCSe_3w\" data-complete=\"true\" data-processed=\"true\"><span class=\"vKEkVd\" data-animation-atomic=\"\" data-sae=\"\">\u00a0<button class=\"rBl3me\" tabindex=\"0\" data-amic=\"true\" data-icl-uuid=\"9de73c97-1b7d-4573-8ddd-e3d5d3f5ec62\" aria-label=\"Ver v\u00ednculos relacionados\" data-ved=\"2ahUKEwicq8TrsoaQAxVoJrkGHd7BBmcQye0OegQIEhAB\"><\/button><\/span><\/span><\/div>\n<div data-sfc-cp=\"\" data-hveid=\"CBMQAA\" data-processed=\"true\" data-complete=\"true\"><\/div>\n<div class=\"Y3BBE\" data-sfc-cp=\"\" data-hveid=\"CBMQAA\" data-processed=\"true\" data-complete=\"true\"><strong class=\"Yjhzub\" data-complete=\"true\" data-processed=\"true\">6. Compartir tus datos con terceros<\/strong><br data-serialized-params=\"[]\" data-complete=\"true\" data-processed=\"true\" \/>Podemos compartir tus datos con terceros en las siguientes circunstancias:<span class=\"uJ19be notranslate\" data-wiz-uids=\"Z6dCSe_42,Z6dCSe_43\" data-complete=\"true\" data-processed=\"true\"><span class=\"vKEkVd\" data-animation-atomic=\"\" data-sae=\"\">\u00a0<button class=\"rBl3me\" tabindex=\"0\" data-amic=\"true\" data-icl-uuid=\"8643a52f-683a-45c9-b2b9-5784a3974f53\" aria-label=\"Ver v\u00ednculos relacionados\" data-ved=\"2ahUKEwicq8TrsoaQAxVoJrkGHd7BBmcQye0OegQIExAB\"><\/button><\/span><\/span><\/div>\n<ul class=\"U6u95\" data-complete=\"true\" data-processed=\"true\">\n<li data-hveid=\"CBQQAA\" data-complete=\"true\" data-sae=\"\"><span class=\"T286Pc\" data-sfc-cp=\"\" data-complete=\"true\"><strong class=\"Yjhzub\" data-complete=\"true\">Proveedores de servicios:<\/strong>\u00a0Con empresas que nos ayudan a operar nuestro negocio (ej., proveedores de alojamiento web, procesadores de pagos). Nos aseguraremos de que estos terceros cumplan con la normativa aplicable.<\/span><\/li>\n<li data-hveid=\"CBQQAQ\" data-complete=\"true\" data-sae=\"\"><span class=\"T286Pc\" data-sfc-cp=\"\" data-complete=\"true\"><strong class=\"Yjhzub\" data-complete=\"true\">Afiliadas:<\/strong>\u00a0Con otras empresas de nuestro mismo grupo empresarial, en caso de existir, para fines comerciales leg\u00edtimos.<\/span><\/li>\n<li data-hveid=\"CBQQAg\" data-complete=\"true\" data-sae=\"\"><span class=\"T286Pc\" data-sfc-cp=\"\" data-complete=\"true\"><strong class=\"Yjhzub\" data-complete=\"true\">Obligaci\u00f3n legal:<\/strong>\u00a0Si lo exige una ley chilena, una orden judicial o una solicitud de la autoridad competente.<\/span><span class=\"uJ19be notranslate\" data-wiz-uids=\"Z6dCSe_4e,Z6dCSe_4f\" data-complete=\"true\"><span class=\"vKEkVd\" data-animation-atomic=\"\" data-sae=\"\">\u00a0<button class=\"rBl3me\" tabindex=\"0\" data-amic=\"true\" data-icl-uuid=\"14c15095-5c4b-41b5-b801-4a0008d2cb61\" aria-label=\"Ver v\u00ednculos relacionados\" data-ved=\"2ahUKEwicq8TrsoaQAxVoJrkGHd7BBmcQye0OegQIFBAD\"><\/button><\/span><\/span><\/li>\n<\/ul>\n<div class=\"Y3BBE\" data-sfc-cp=\"\" data-hveid=\"CBUQAA\" data-complete=\"true\" data-processed=\"true\"><strong class=\"Yjhzub\" data-complete=\"true\" data-processed=\"true\">7. Derechos del titular de los datos<\/strong><br data-serialized-params=\"[]\" data-complete=\"true\" data-processed=\"true\" \/>Bajo la nueva Ley N.\u00ba 21.719, tienes los siguientes derechos:<button class=\"rBl3me\" tabindex=\"0\" data-amic=\"true\" data-icl-uuid=\"33335401-e5da-4ff8-99cd-c9f07cd17995\" aria-label=\"Ver v\u00ednculos relacionados\" data-ved=\"2ahUKEwicq8TrsoaQAxVoJrkGHd7BBmcQye0OegQIFRAB\"><\/button><\/div>\n<ul class=\"U6u95\" data-complete=\"true\" data-processed=\"true\">\n<li data-hveid=\"CBYQAA\" data-complete=\"true\" data-sae=\"\"><span class=\"T286Pc\" data-sfc-cp=\"\" data-complete=\"true\"><strong class=\"Yjhzub\" data-complete=\"true\">Derecho de acceso:<\/strong>\u00a0Obtener informaci\u00f3n sobre los datos que almacenamos sobre ti.<\/span><\/li>\n<li data-hveid=\"CBYQAQ\" data-complete=\"true\" data-sae=\"\"><span class=\"T286Pc\" data-sfc-cp=\"\" data-complete=\"true\"><strong class=\"Yjhzub\" data-complete=\"true\">Derecho de rectificaci\u00f3n:<\/strong>\u00a0Solicitar la correcci\u00f3n de tus datos si son inexactos o incompletos.<\/span><\/li>\n<li data-hveid=\"CBYQAg\" data-complete=\"true\" data-sae=\"\"><span class=\"T286Pc\" data-sfc-cp=\"\" data-complete=\"true\"><strong class=\"Yjhzub\" data-complete=\"true\">Derecho de cancelaci\u00f3n (eliminaci\u00f3n):<\/strong>\u00a0Pedir la supresi\u00f3n de tus datos personales.<\/span><\/li>\n<li data-hveid=\"CBYQAw\" data-complete=\"true\" data-sae=\"\"><span class=\"T286Pc\" data-sfc-cp=\"\" data-complete=\"true\"><strong class=\"Yjhzub\" data-complete=\"true\">Derecho de oposici\u00f3n:<\/strong>\u00a0Oponerte al tratamiento de tus datos para fines espec\u00edficos.<\/span><\/li>\n<li data-hveid=\"CBYQBA\" data-complete=\"true\" data-sae=\"\"><span class=\"T286Pc\" data-sfc-cp=\"\" data-complete=\"true\"><strong class=\"Yjhzub\" data-complete=\"true\">Derecho de revocaci\u00f3n:<\/strong>\u00a0Retirar tu consentimiento en cualquier momento.<\/span><span class=\"uJ19be notranslate\" data-wiz-uids=\"Z6dCSe_53,Z6dCSe_54\" data-complete=\"true\"><span class=\"vKEkVd\" data-animation-atomic=\"\" data-sae=\"\">\u00a0<button class=\"rBl3me\" tabindex=\"0\" data-amic=\"true\" data-icl-uuid=\"bebacdd4-6df9-4f50-98fb-31841d942fa7\" aria-label=\"Ver v\u00ednculos relacionados\" data-ved=\"2ahUKEwicq8TrsoaQAxVoJrkGHd7BBmcQye0OegQIFhAF\"><\/button><\/span><\/span><\/li>\n<\/ul>\n<div class=\"Y3BBE\" data-sfc-cp=\"\" data-hveid=\"CBcQAA\" data-processed=\"true\" data-complete=\"true\">Para ejercer cualquiera de estos derechos, por favor cont\u00e1ctanos en la direcci\u00f3n de correo electr\u00f3nico indicada en el punto 1.<button class=\"rBl3me\" tabindex=\"0\" data-amic=\"true\" data-icl-uuid=\"08718398-2bb0-4d55-a9ad-2dec92325cc7\" aria-label=\"Ver v\u00ednculos relacionados\" data-ved=\"2ahUKEwicq8TrsoaQAxVoJrkGHd7BBmcQye0OegQIFxAB\"><\/button><\/div>\n<div data-sfc-cp=\"\" data-hveid=\"CBgQAA\" data-complete=\"true\" data-processed=\"true\"><\/div>\n<div class=\"Y3BBE\" data-sfc-cp=\"\" data-hveid=\"CBgQAA\" data-complete=\"true\" data-processed=\"true\"><strong class=\"Yjhzub\" data-complete=\"true\" data-processed=\"true\">8. Seguridad de los datos<\/strong><br data-serialized-params=\"[]\" data-complete=\"true\" data-processed=\"true\" \/>Nos comprometemos a proteger tus datos personales. Implementamos medidas de seguridad t\u00e9cnicas y organizativas para prevenir el robo de datos, el acceso no autorizado y la divulgaci\u00f3n, utilizando las \u00faltimas tecnolog\u00edas disponibles.<span class=\"uJ19be notranslate\" data-wiz-uids=\"Z6dCSe_5c,Z6dCSe_5d\" data-complete=\"true\" data-processed=\"true\"><span class=\"vKEkVd\" data-animation-atomic=\"\" data-sae=\"\">\u00a0<button class=\"rBl3me\" tabindex=\"0\" data-amic=\"true\" data-icl-uuid=\"1021f531-0bd0-49bf-9864-8fe6292ec89f\" aria-label=\"Ver v\u00ednculos relacionados\" data-ved=\"2ahUKEwicq8TrsoaQAxVoJrkGHd7BBmcQye0OegQIGBAB\"><\/button><\/span><\/span><\/div>\n<div data-sfc-cp=\"\" data-hveid=\"CBoQAA\" data-complete=\"true\" data-processed=\"true\"><\/div>\n<div class=\"Y3BBE\" data-sfc-cp=\"\" data-hveid=\"CBoQAA\" data-complete=\"true\" data-processed=\"true\"><strong class=\"Yjhzub\" data-complete=\"true\" data-processed=\"true\">9. Cambios a esta pol\u00edtica de privacidad<\/strong><br data-serialized-params=\"[]\" data-complete=\"true\" data-processed=\"true\" \/>Nos reservamos el derecho de modificar esta pol\u00edtica en cualquier momento. Cualquier cambio ser\u00e1 publicado en esta p\u00e1gina y, si los cambios son significativos, te notificaremos por correo electr\u00f3nico. Te recomendamos revisar esta pol\u00edtica peri\u00f3dicamente para estar al tanto de las actualizaciones.<span class=\"uJ19be notranslate\" data-wiz-uids=\"Z6dCSe_6j,Z6dCSe_6k\" data-complete=\"true\" data-processed=\"true\"><span class=\"vKEkVd\" data-animation-atomic=\"\" data-sae=\"\">\u00a0<button class=\"rBl3me\" tabindex=\"0\" data-amic=\"true\" data-icl-uuid=\"9e3c1f25-28dd-497b-b202-a88d1cf7ecf7\" aria-label=\"Ver v\u00ednculos relacionados\" data-ved=\"2ahUKEwicq8TrsoaQAxVoJrkGHd7BBmcQye0OegQIGhAB\"><\/button><\/span><\/span><\/div>\n<div data-sfc-cp=\"\" data-hveid=\"CBsQAA\" data-processed=\"true\" data-complete=\"true\"><\/div>\n<div class=\"Y3BBE\" data-sfc-cp=\"\" data-hveid=\"CBsQAA\" data-processed=\"true\" data-complete=\"true\"><strong class=\"Yjhzub\" data-complete=\"true\" data-processed=\"true\">10. Contacto<\/strong><br data-serialized-params=\"[]\" data-complete=\"true\" data-processed=\"true\" \/>Si tienes preguntas sobre esta pol\u00edtica de privacidad, no dudes en contactarnos en contacto@geosurservicios.cl<\/div>\n","protected":false},"excerpt":{"rendered":"<p>Pol\u00edtica de Privacidad de Gesosur Servicios SpA ( www.panelmodular.cl ) Fecha de entrada en vigor: Octubre 2025 En Geosur Servicios SpA valoramos tu privacidad y nos comprometemos a proteger tus datos personales. Esta pol\u00edtica de privacidad describe c\u00f3mo recopilamos, utilizamos y protegemos la informaci\u00f3n que nos proporcionas al utilizar nuestro sitio web wwww.panelmodular.cl.\u00a0 1. Responsable [&hellip;]<\/p>\n","protected":false},"author":1,"featured_media":0,"parent":0,"menu_order":0,"comment_status":"closed","ping_status":"closed","template":"","meta":{"footnotes":""},"class_list":["post-748","page","type-page","status-publish","hentry"],"_links":{"self":[{"href":"https:\/\/panelmodular.cl\/www\/wp-json\/wp\/v2\/pages\/748","targetHints":{"allow":["GET"]}}],"collection":[{"href":"https:\/\/panelmodular.cl\/www\/wp-json\/wp\/v2\/pages"}],"about":[{"href":"https:\/\/panelmodular.cl\/www\/wp-json\/wp\/v2\/types\/page"}],"author":[{"embeddable":true,"href":"https:\/\/panelmodular.cl\/www\/wp-json\/wp\/v2\/users\/1"}],"replies":[{"embeddable":true,"href":"https:\/\/panelmodular.cl\/www\/wp-json\/wp\/v2\/comments?post=748"}],"version-history":[{"count":2,"href":"https:\/\/panelmodular.cl\/www\/wp-json\/wp\/v2\/pages\/748\/revisions"}],"predecessor-version":[{"id":19914,"href":"https:\/\/panelmodular.cl\/www\/wp-json\/wp\/v2\/pages\/748\/revisions\/19914"}],"wp:attachment":[{"href":"https:\/\/panelmodular.cl\/www\/wp-json\/wp\/v2\/media?parent=748"}],"curies":[{"name":"wp","href":"https:\/\/api.w.org\/{rel}","templated":true}]}}